{"id":68,"date":"2023-04-30T19:51:43","date_gmt":"2023-04-30T19:51:43","guid":{"rendered":"http:\/\/institutocorrerpelavida.com.br\/?page_id=68"},"modified":"2023-11-09T20:06:41","modified_gmt":"2023-11-09T20:06:41","slug":"acoes","status":"publish","type":"page","link":"http:\/\/institutocorrerpelavida.com.br\/?page_id=68","title":{"rendered":"A\u00e7\u00f5es"},"content":{"rendered":"\n<p class=\"has-text-align-center\">Ao longo de sua exist\u00eancia, e sendo um dos seus principais objetivos, o <strong>Instituto Correr Pela Vida<\/strong>, atrav\u00e9s das parcerias firmadas e da ajuda de v\u00e1rios segmentos da sociedade, vem realizando v\u00e1rias a\u00e7\u00f5es que j\u00e1 beneficiaram e continuam beneficiando n\u00e3o s\u00f3 os atletas, mas tamb\u00e9m suas fam\u00edlias.<\/p>\n\n\n\n<p class=\"has-text-align-center\"><strong>Doa\u00e7\u00f5es de cestas de alimenta\u00e7\u00e3o, material esportivo e aux\u00edlio m\u00e9dico:<\/strong><\/p>\n\n\n<div class=\"wp-block-image\">\n<figure class=\"aligncenter size-large\"><img loading=\"lazy\" decoding=\"async\" width=\"1024\" height=\"683\" src=\"http:\/\/institutocorrerpelavida.com.br\/wp-content\/uploads\/2023\/05\/InShot_20230514_133502393-1024x683.jpg\" alt=\"\" class=\"wp-image-126\" srcset=\"http:\/\/institutocorrerpelavida.com.br\/wp-content\/uploads\/2023\/05\/InShot_20230514_133502393-1024x683.jpg 1024w, http:\/\/institutocorrerpelavida.com.br\/wp-content\/uploads\/2023\/05\/InShot_20230514_133502393-300x200.jpg 300w, http:\/\/institutocorrerpelavida.com.br\/wp-content\/uploads\/2023\/05\/InShot_20230514_133502393-768x512.jpg 768w, http:\/\/institutocorrerpelavida.com.br\/wp-content\/uploads\/2023\/05\/InShot_20230514_133502393-1536x1024.jpg 1536w, http:\/\/institutocorrerpelavida.com.br\/wp-content\/uploads\/2023\/05\/InShot_20230514_133502393-2048x1365.jpg 2048w, http:\/\/institutocorrerpelavida.com.br\/wp-content\/uploads\/2023\/05\/InShot_20230514_133502393-1200x800.jpg 1200w, http:\/\/institutocorrerpelavida.com.br\/wp-content\/uploads\/2023\/05\/InShot_20230514_133502393-1980x1320.jpg 1980w\" sizes=\"auto, (max-width: 1024px) 100vw, 1024px\" \/><\/figure>\n<\/div>\n\n\n<p class=\"has-text-align-center\">Os atletas do <strong>Projeto Talentos em Corrida<\/strong> recebem cestas de alimenta\u00e7\u00e3o, material esportivo, roupas, cal\u00e7ados e medicamentos. Continuamos recebendo doa\u00e7\u00f5es para elaborar as cestas de alimenta\u00e7\u00e3o para as fam\u00edlias dos atletas, al\u00e9m de todo e qualquer \u00edtem que possa ajudar. Muito obrigado \u00e0 todos que tem contribu\u00eddo com as doa\u00e7\u00f5es, em especial \u00e0 <strong>Effect Sport<\/strong> pela doa\u00e7\u00e3o sistem\u00e1tica de v\u00e1rios t\u00eanis!<\/p>\n\n\n<div class=\"wp-block-image\">\n<figure class=\"aligncenter size-large\"><img loading=\"lazy\" decoding=\"async\" width=\"1024\" height=\"1024\" src=\"http:\/\/institutocorrerpelavida.com.br\/wp-content\/uploads\/2023\/05\/InShot_20230514_133401569-2-1024x1024.jpg\" alt=\"\" class=\"wp-image-129\" srcset=\"http:\/\/institutocorrerpelavida.com.br\/wp-content\/uploads\/2023\/05\/InShot_20230514_133401569-2-1024x1024.jpg 1024w, http:\/\/institutocorrerpelavida.com.br\/wp-content\/uploads\/2023\/05\/InShot_20230514_133401569-2-300x300.jpg 300w, http:\/\/institutocorrerpelavida.com.br\/wp-content\/uploads\/2023\/05\/InShot_20230514_133401569-2-150x150.jpg 150w, http:\/\/institutocorrerpelavida.com.br\/wp-content\/uploads\/2023\/05\/InShot_20230514_133401569-2-768x768.jpg 768w, http:\/\/institutocorrerpelavida.com.br\/wp-content\/uploads\/2023\/05\/InShot_20230514_133401569-2-1536x1536.jpg 1536w, http:\/\/institutocorrerpelavida.com.br\/wp-content\/uploads\/2023\/05\/InShot_20230514_133401569-2-1200x1200.jpg 1200w, http:\/\/institutocorrerpelavida.com.br\/wp-content\/uploads\/2023\/05\/InShot_20230514_133401569-2.jpg 1920w\" sizes=\"auto, (max-width: 1024px) 100vw, 1024px\" \/><\/figure>\n<\/div>\n\n\n<figure class=\"wp-block-image size-large\"><img loading=\"lazy\" decoding=\"async\" width=\"1024\" height=\"768\" src=\"http:\/\/institutocorrerpelavida.com.br\/wp-content\/uploads\/2023\/06\/13-1024x768.jpg\" alt=\"\" class=\"wp-image-142\" srcset=\"http:\/\/institutocorrerpelavida.com.br\/wp-content\/uploads\/2023\/06\/13-1024x768.jpg 1024w, http:\/\/institutocorrerpelavida.com.br\/wp-content\/uploads\/2023\/06\/13-300x225.jpg 300w, http:\/\/institutocorrerpelavida.com.br\/wp-content\/uploads\/2023\/06\/13-768x576.jpg 768w, http:\/\/institutocorrerpelavida.com.br\/wp-content\/uploads\/2023\/06\/13-1200x900.jpg 1200w, http:\/\/institutocorrerpelavida.com.br\/wp-content\/uploads\/2023\/06\/13.jpg 1440w\" sizes=\"auto, (max-width: 1024px) 100vw, 1024px\" \/><\/figure>\n\n\n\n<figure class=\"wp-block-image size-full\"><img loading=\"lazy\" decoding=\"async\" width=\"720\" height=\"405\" src=\"http:\/\/institutocorrerpelavida.com.br\/wp-content\/uploads\/2023\/06\/12.jpg\" alt=\"\" class=\"wp-image-143\" srcset=\"http:\/\/institutocorrerpelavida.com.br\/wp-content\/uploads\/2023\/06\/12.jpg 720w, http:\/\/institutocorrerpelavida.com.br\/wp-content\/uploads\/2023\/06\/12-300x169.jpg 300w\" sizes=\"auto, (max-width: 720px) 100vw, 720px\" \/><\/figure>\n\n\n\n<p class=\"has-text-align-center\"><strong>Bolsas de Estudo:<\/strong><\/p>\n\n\n\n<p class=\"has-text-align-center\">Atletas do <strong>Projeto Talentos em Corrida<\/strong> recebem bolsa integral da <strong>Sociedade Brasileira de Cultura Inglesa<\/strong>, atrav\u00e9s de parceria com o <strong>Instituto Faz Sport<\/strong>, para realizar 6 anos de curso. O <strong>Instituto Correr Pela Vida<\/strong>, j\u00e1 matriculou 26 alunos\/atletas nesse programa. O <strong>Instituto Correr Pela Vida<\/strong> tamb\u00e9m tem conseguido bolsas parciais para ensino superior junto \u00e0 <strong>Universidade Santa \u00darsula<\/strong>.<\/p>\n\n\n\n<p class=\"has-text-align-center\"><strong>CAIO FELIPE:<\/strong><\/p>\n\n\n<div class=\"wp-block-image\">\n<figure class=\"aligncenter size-large\"><img loading=\"lazy\" decoding=\"async\" width=\"1024\" height=\"683\" src=\"http:\/\/institutocorrerpelavida.com.br\/wp-content\/uploads\/2023\/05\/InShot_20230514_133626298-1024x683.jpg\" alt=\"\" class=\"wp-image-131\" srcset=\"http:\/\/institutocorrerpelavida.com.br\/wp-content\/uploads\/2023\/05\/InShot_20230514_133626298-1024x683.jpg 1024w, http:\/\/institutocorrerpelavida.com.br\/wp-content\/uploads\/2023\/05\/InShot_20230514_133626298-300x200.jpg 300w, http:\/\/institutocorrerpelavida.com.br\/wp-content\/uploads\/2023\/05\/InShot_20230514_133626298-768x512.jpg 768w, http:\/\/institutocorrerpelavida.com.br\/wp-content\/uploads\/2023\/05\/InShot_20230514_133626298-1536x1024.jpg 1536w, http:\/\/institutocorrerpelavida.com.br\/wp-content\/uploads\/2023\/05\/InShot_20230514_133626298-2048x1365.jpg 2048w, http:\/\/institutocorrerpelavida.com.br\/wp-content\/uploads\/2023\/05\/InShot_20230514_133626298-1200x800.jpg 1200w, http:\/\/institutocorrerpelavida.com.br\/wp-content\/uploads\/2023\/05\/InShot_20230514_133626298-1980x1320.jpg 1980w\" sizes=\"auto, (max-width: 1024px) 100vw, 1024px\" \/><\/figure>\n<\/div>\n\n\n<p class=\"has-text-align-center\">O Atleta <strong>Caio Felipe<\/strong> \u00e9 um dos postulantes a ser Campe\u00e3o no Esporte e na Vida. <strong>Caio<\/strong> foi o <strong>Campe\u00e3o do<\/strong> <strong>Circuito Rei e Rainha do Mar<\/strong> em 2019. \u00c9 Aluno da <strong>Cultura Inglesa<\/strong> e terminou, no in\u00edcio de 2023, o <strong>Curso de Administra\u00e7\u00e3o na Universidade Santa \u00darsula<\/strong>, tendo feito est\u00e1gio no <strong>Banco Ita\u00fa<\/strong> e em uma <strong>Empresa de Auditoria<\/strong>. Hoje, colabora na \u00e1rea administrativa do <strong>Instituto Correr Pela Vida<\/strong>.<\/p>\n\n\n\n<p class=\"has-text-align-center\"><strong>ARTHUR TAVARES QUINT\u00c3O:<\/strong><\/p>\n\n\n\n<p class=\"has-text-align-center\"><strong>Bi-Campe\u00e3o dos Jogos Intercolegiais do Estado do Rio de Janeiro, Bi-Campe\u00e3o do Evento Rei e Rainha do Mar, Campe\u00e3o do Circuito Rio Antigo e Campe\u00e3o Universit\u00e1rio do Estado do Rio de Janeiro<\/strong>, entre outros eventos que participou, <strong>Arthur<\/strong> chegou ao <strong>Projeto Talentos em Corrida<\/strong>, aos 13 anos de idade. Ele recebeu todo o suporte que podemos dar aos atletas inscritos no nosso programa de esportes.<\/p>\n\n\n<div class=\"wp-block-image\">\n<figure class=\"aligncenter size-full\"><img loading=\"lazy\" decoding=\"async\" width=\"387\" height=\"516\" src=\"http:\/\/institutocorrerpelavida.com.br\/wp-content\/uploads\/2023\/05\/01.jpg\" alt=\"\" class=\"wp-image-132\" srcset=\"http:\/\/institutocorrerpelavida.com.br\/wp-content\/uploads\/2023\/05\/01.jpg 387w, http:\/\/institutocorrerpelavida.com.br\/wp-content\/uploads\/2023\/05\/01-225x300.jpg 225w\" sizes=\"auto, (max-width: 387px) 100vw, 387px\" \/><\/figure>\n<\/div>\n\n\n<p class=\"has-text-align-center\">Na foto, o jovem atleta <strong>Arthur Tavares Quint\u00e3o<\/strong>, demonstra uma grande felicidade na maior vit\u00f3ria de sua vida at\u00e9 o momento. Ele conquistou uma vaga como aluno do<strong> Curso de Engenharia Eletr\u00f4nica na Universidade de Leuven, na B\u00e9lgica.<\/strong><\/p>\n","protected":false},"excerpt":{"rendered":"<p>Ao longo de sua exist\u00eancia, e sendo um dos seus principais objetivos, o Instituto Correr Pela Vida, atrav\u00e9s das parcerias firmadas e da ajuda de v\u00e1rios segmentos da sociedade, vem realizando v\u00e1rias a\u00e7\u00f5es que j\u00e1 beneficiaram e continuam beneficiando n\u00e3o s\u00f3 os atletas, mas tamb\u00e9m suas fam\u00edlias. Doa\u00e7\u00f5es de cestas de alimenta\u00e7\u00e3o, material esportivo e [&hellip;]<\/p>\n","protected":false},"author":1,"featured_media":0,"parent":0,"menu_order":0,"comment_status":"closed","ping_status":"closed","template":"","meta":{"footnotes":""},"class_list":["post-68","page","type-page","status-publish","hentry"],"_links":{"self":[{"href":"http:\/\/institutocorrerpelavida.com.br\/index.php?rest_route=\/wp\/v2\/pages\/68","targetHints":{"allow":["GET"]}}],"collection":[{"href":"http:\/\/institutocorrerpelavida.com.br\/index.php?rest_route=\/wp\/v2\/pages"}],"about":[{"href":"http:\/\/institutocorrerpelavida.com.br\/index.php?rest_route=\/wp\/v2\/types\/page"}],"author":[{"embeddable":true,"href":"http:\/\/institutocorrerpelavida.com.br\/index.php?rest_route=\/wp\/v2\/users\/1"}],"replies":[{"embeddable":true,"href":"http:\/\/institutocorrerpelavida.com.br\/index.php?rest_route=%2Fwp%2Fv2%2Fcomments&post=68"}],"version-history":[{"count":8,"href":"http:\/\/institutocorrerpelavida.com.br\/index.php?rest_route=\/wp\/v2\/pages\/68\/revisions"}],"predecessor-version":[{"id":176,"href":"http:\/\/institutocorrerpelavida.com.br\/index.php?rest_route=\/wp\/v2\/pages\/68\/revisions\/176"}],"wp:attachment":[{"href":"http:\/\/institutocorrerpelavida.com.br\/index.php?rest_route=%2Fwp%2Fv2%2Fmedia&parent=68"}],"curies":[{"name":"wp","href":"https:\/\/api.w.org\/{rel}","templated":true}]}}